{"id":56,"date":"2020-04-15T16:04:04","date_gmt":"2020-04-15T14:04:04","guid":{"rendered":"https:\/\/web.firma-markus-schwarz.de\/?page_id=56"},"modified":"2020-04-20T21:59:40","modified_gmt":"2020-04-20T19:59:40","slug":"unser-team","status":"publish","type":"page","link":"https:\/\/firma-markus-schwarz.de\/?page_id=56","title":{"rendered":"Unser Team"},"content":{"rendered":"\n<p>Seite befindet sich im Aufbau und wird bald verf\u00fcgbar sein. Wir entschuldigen die Unannehmlichkeit und danken f\u00fcr Ihr Verst\u00e4ndnis. <\/p>\n","protected":false},"excerpt":{"rendered":"<p>Seite befindet sich im Aufbau und wird bald verf\u00fcgbar sein. Wir entschuldigen die Unannehmlichkeit und danken f\u00fcr Ihr Verst\u00e4ndnis.<\/p>\n","protected":false},"author":1,"featured_media":0,"parent":50,"menu_order":0,"comment_status":"closed","ping_status":"closed","template":"","meta":{"footnotes":""},"class_list":["post-56","page","type-page","status-publish","hentry"],"_links":{"self":[{"href":"https:\/\/firma-markus-schwarz.de\/index.php?rest_route=\/wp\/v2\/pages\/56","targetHints":{"allow":["GET"]}}],"collection":[{"href":"https:\/\/firma-markus-schwarz.de\/index.php?rest_route=\/wp\/v2\/pages"}],"about":[{"href":"https:\/\/firma-markus-schwarz.de\/index.php?rest_route=\/wp\/v2\/types\/page"}],"author":[{"embeddable":true,"href":"https:\/\/firma-markus-schwarz.de\/index.php?rest_route=\/wp\/v2\/users\/1"}],"replies":[{"embeddable":true,"href":"https:\/\/firma-markus-schwarz.de\/index.php?rest_route=%2Fwp%2Fv2%2Fcomments&post=56"}],"version-history":[{"count":2,"href":"https:\/\/firma-markus-schwarz.de\/index.php?rest_route=\/wp\/v2\/pages\/56\/revisions"}],"predecessor-version":[{"id":243,"href":"https:\/\/firma-markus-schwarz.de\/index.php?rest_route=\/wp\/v2\/pages\/56\/revisions\/243"}],"up":[{"embeddable":true,"href":"https:\/\/firma-markus-schwarz.de\/index.php?rest_route=\/wp\/v2\/pages\/50"}],"wp:attachment":[{"href":"https:\/\/firma-markus-schwarz.de\/index.php?rest_route=%2Fwp%2Fv2%2Fmedia&parent=56"}],"curies":[{"name":"wp","href":"https:\/\/api.w.org\/{rel}","templated":true}]}}