{"id":54,"date":"2020-04-15T16:03:07","date_gmt":"2020-04-15T14:03:07","guid":{"rendered":"https:\/\/web.firma-markus-schwarz.de\/?page_id=54"},"modified":"2020-09-01T10:46:30","modified_gmt":"2020-09-01T08:46:30","slug":"geschichte","status":"publish","type":"page","link":"https:\/\/firma-markus-schwarz.de\/?page_id=54","title":{"rendered":"Geschichte"},"content":{"rendered":"<p style=\"text-align: center;\">Am 01.12.1998 gr\u00fcndete Markus Schwarz als Einzelunternehmen das Unternehmen Markus Schwarz Befestigungstechnik, Schleiftechnik und Ger\u00e4te im Gro\u00dfhandel Direktvertrieb. Mit dem Ziel, das Bauhauptgewerbe wie Hochbau, Tiefbau, Galabau und Fliesenleger mit Ihrem t\u00e4glichen Bedarf an hochwertigen Produkten zur Ausf\u00fchrung Ihrer t\u00e4glichen Arbeit zu beliefern. Der Schwertpunkt lag damals schon in der Diamanttechnik. Am Anfang umfasste das Verkaufsgebiet einen Radius von ca. 50km um den Firmensitz in Kressbronn am Bodensee.<\/p>\n<p>\u00a0<\/p>\n<p style=\"text-align: center;\">Durch die st\u00e4ndige Neukundenakquise und die Weiterempfehlung zufriedener Kunden, wuchs das Verkaufsgebiet st\u00e4tig.<\/p>\n<p>\u00a0<\/p>\n<p style=\"text-align: center;\">Seit dem Jahr 2000 werden Diamantwerkzeuge nur noch unter dem Namen Markus Schwarz vertrieben.<\/p>\n<p>\u00a0<\/p>\n<p style=\"text-align: center;\">Im Jahre 2003 kam ein zweites Standbein, und ein zweites Logo Markus Schwarz Diamantwerkzeugtechnik wegen der vertraglichen \u00dcbernahme einer Handelsvertretung dazu.<\/p>\n<p>\u00a0<\/p>\n<p style=\"text-align: center;\">2004 wurde eine Werkstatt zur Reparaturen von Maschinen, und zur Produktion von Diamantbohrkronen eingerichtet.<\/p>\n<p>\u00a0<\/p>\n<p style=\"text-align: center;\">Mitte 2005 erfolgte der Umzug in neu angemietet gr\u00f6\u00dfere Firmengeb\u00e4ude nach Ravensburg-Schmalegg.<\/p>\n<p>\u00a0<\/p>\n<p style=\"text-align: center;\">Im Jahre 2007 wurde Das Verkaufsgebiet auch in das anliegende Ausland \u00d6sterreich Vorarlberg und Tirol ausgeweidet.<\/p>\n<p>\u00a0<\/p>\n<p style=\"text-align: center;\">Ab 2008 erweiterte sich das Verkaufsgebiet bis nach S\u00fcdtirol.<\/p>\n<p>\u00a0<\/p>\n<p style=\"text-align: center;\">2011 wurden alle Diamantwerkzeuge auf einen deutschen Hersteller unter dem Namen Markus Schwarz Diamantwerkzeuge umgestellt. Dies hatte zur Folge, dass Synergien zur Produktentwicklung genutzt werden k\u00f6nnen, Anregungen und W\u00fcnsche von Kunden k\u00f6nnen direkt mit unserer Partnerfabrik umgesetzt werden.<\/p>\n<p>\u00a0<\/p>\n<p style=\"text-align: center;\">Da die Gewerber\u00e4ume in Ravensburg-Schmalegg nun auch zu klein geworden waren, erfolgte zum 01.04.2018 der Umzug in unser neues Firmengeb\u00e4ude nach Sauldorf-Rast.<\/p>\n<p>\u00a0<\/p>\n<p style=\"text-align: center;\">Im Jahr 2014 wurde die Kooperation mit unserer Herstellerfabrik vertraglich vertieft. Auch wurde im Jahre 2019 begonnen den Aussendienst mit neuen Mitarbeitern auszubauen, und das Einzelunternehmen wurde am 01.10.2019 in die Markus Schwarz KG Diamantwerkzeuge &amp; Handwerkerbedarf eingebracht.\u00a0<\/p>\n\n\n<div style=\"height:100px\" aria-hidden=\"true\" class=\"wp-block-spacer\"><\/div>\n\n\n\n<div class=\"wp-block-image\"><figure class=\"aligncenter size-large\"><img decoding=\"async\" src=\"https:\/\/firma-markus-schwarz.de\/wp-content\/uploads\/2020\/04\/DJI_0015-1024x768.jpg\" alt=\"\" class=\"wp-image-68\"\/><figcaption>Firmenhauptsitz im Baden-W\u00fcrttembergischen Rast <\/figcaption><\/figure><\/div>\n\n\n\n<p><\/p>\n","protected":false},"excerpt":{"rendered":"<p>Am 01.12.1998 gr\u00fcndete Markus Schwarz als Einzelunternehmen das Unternehmen Markus Schwarz Befestigungstechnik, Schleiftechnik und Ger\u00e4te im Gro\u00dfhandel Direktvertrieb. Mit dem Ziel, das Bauhauptgewerbe wie Hochbau, Tiefbau, Galabau und Fliesenleger mit Ihrem t\u00e4glichen Bedarf an hochwertigen Produkten zur Ausf\u00fchrung Ihrer t\u00e4glichen [&hellip;]<\/p>\n","protected":false},"author":1,"featured_media":0,"parent":50,"menu_order":0,"comment_status":"closed","ping_status":"closed","template":"","meta":{"footnotes":""},"class_list":["post-54","page","type-page","status-publish","hentry"],"_links":{"self":[{"href":"https:\/\/firma-markus-schwarz.de\/index.php?rest_route=\/wp\/v2\/pages\/54","targetHints":{"allow":["GET"]}}],"collection":[{"href":"https:\/\/firma-markus-schwarz.de\/index.php?rest_route=\/wp\/v2\/pages"}],"about":[{"href":"https:\/\/firma-markus-schwarz.de\/index.php?rest_route=\/wp\/v2\/types\/page"}],"author":[{"embeddable":true,"href":"https:\/\/firma-markus-schwarz.de\/index.php?rest_route=\/wp\/v2\/users\/1"}],"replies":[{"embeddable":true,"href":"https:\/\/firma-markus-schwarz.de\/index.php?rest_route=%2Fwp%2Fv2%2Fcomments&post=54"}],"version-history":[{"count":6,"href":"https:\/\/firma-markus-schwarz.de\/index.php?rest_route=\/wp\/v2\/pages\/54\/revisions"}],"predecessor-version":[{"id":568,"href":"https:\/\/firma-markus-schwarz.de\/index.php?rest_route=\/wp\/v2\/pages\/54\/revisions\/568"}],"up":[{"embeddable":true,"href":"https:\/\/firma-markus-schwarz.de\/index.php?rest_route=\/wp\/v2\/pages\/50"}],"wp:attachment":[{"href":"https:\/\/firma-markus-schwarz.de\/index.php?rest_route=%2Fwp%2Fv2%2Fmedia&parent=54"}],"curies":[{"name":"wp","href":"https:\/\/api.w.org\/{rel}","templated":true}]}}