{"id":52,"date":"2020-04-15T16:02:09","date_gmt":"2020-04-15T14:02:09","guid":{"rendered":"https:\/\/web.firma-markus-schwarz.de\/?page_id=52"},"modified":"2021-09-23T10:39:56","modified_gmt":"2021-09-23T08:39:56","slug":"philosophie","status":"publish","type":"page","link":"https:\/\/firma-markus-schwarz.de\/?page_id=52","title":{"rendered":"Philosophie"},"content":{"rendered":"<p style=\"text-align: center;\">Wir sind ein kleiner Familienbetrieb der am 01.12.1998 von Markus Schwarz als Einzelunternehmen gegr\u00fcndet wurde.<\/p>\n<p style=\"text-align: center;\">Im Keller des Hauses entstand ein B\u00fcro und ein kleines Lager wurde im Gewerbegebiet angemietet.<\/p>\n<p style=\"text-align: center;\">Mit Tatkr\u00e4ftiger Unterst\u00fctzung der Familie und durch viel Herzblut wuchs die Firma stetig.<\/p>\n<p style=\"text-align: center;\">Nat\u00fcrlich blieben auch einigen R\u00fcckschl\u00e4gen nicht aus.<\/p>\n<p style=\"text-align: center;\">Die Ausbildung zu Maschinenbautechniker und viele Jahre im Au\u00dfendienst\u00a0 gro\u00dfer Firmen(zuletzt als Verkaufsleiter), halfen dabei nicht unwesentlich.<\/p>\n<p style=\"text-align: center;\">Besonderen Augenmerk legen wir von Anfang an auf unseren Kunden, speziell ihre besonderen Anspr\u00fcche und W\u00fcnsche.<\/p>\n<p style=\"text-align: center;\">Inzwischen sind wir in der sch\u00f6nen Gemeinde Sauldorf- Rast und haben die M\u00f6glichkeit durch ein gro\u00dfes Lager und eigene Werkstatt noch schneller den Anforderungen gerecht zu werden.<\/p>\n<p>\u00a0<\/p>\n<p style=\"text-align: center;\">Aus der Einzelfirma wurde nach mehr als 20 Jahren mit dem Eintritt einer der S\u00f6hne eine KG, die Weiterf\u00fchrung wurde gesichert und auch das Verkaufsgebiet konnte erweitert werden.<\/p>\n<p>\u00a0<\/p>\n<p>\u00a0<\/p>\n\n\n<blockquote class=\"wp-block-quote is-layout-flow wp-block-quote-is-layout-flow\"><p>Unser Antrieb: ein rundum zufriedener Kunde.<\/p><cite><sub>Markus Schwarz, Gr\u00fcnder und Gesch\u00e4ftsf\u00fchrer<\/sub><\/cite><\/blockquote>\n\n\n\n<p><\/p>\n","protected":false},"excerpt":{"rendered":"<p>Wir sind ein kleiner Familienbetrieb der am 01.12.1998 von Markus Schwarz als Einzelunternehmen gegr\u00fcndet wurde. Im Keller des Hauses entstand ein B\u00fcro und ein kleines Lager wurde im Gewerbegebiet angemietet. Mit Tatkr\u00e4ftiger Unterst\u00fctzung der Familie und durch viel Herzblut wuchs [&hellip;]<\/p>\n","protected":false},"author":1,"featured_media":0,"parent":50,"menu_order":0,"comment_status":"closed","ping_status":"closed","template":"","meta":{"footnotes":""},"class_list":["post-52","page","type-page","status-publish","hentry"],"_links":{"self":[{"href":"https:\/\/firma-markus-schwarz.de\/index.php?rest_route=\/wp\/v2\/pages\/52","targetHints":{"allow":["GET"]}}],"collection":[{"href":"https:\/\/firma-markus-schwarz.de\/index.php?rest_route=\/wp\/v2\/pages"}],"about":[{"href":"https:\/\/firma-markus-schwarz.de\/index.php?rest_route=\/wp\/v2\/types\/page"}],"author":[{"embeddable":true,"href":"https:\/\/firma-markus-schwarz.de\/index.php?rest_route=\/wp\/v2\/users\/1"}],"replies":[{"embeddable":true,"href":"https:\/\/firma-markus-schwarz.de\/index.php?rest_route=%2Fwp%2Fv2%2Fcomments&post=52"}],"version-history":[{"count":8,"href":"https:\/\/firma-markus-schwarz.de\/index.php?rest_route=\/wp\/v2\/pages\/52\/revisions"}],"predecessor-version":[{"id":664,"href":"https:\/\/firma-markus-schwarz.de\/index.php?rest_route=\/wp\/v2\/pages\/52\/revisions\/664"}],"up":[{"embeddable":true,"href":"https:\/\/firma-markus-schwarz.de\/index.php?rest_route=\/wp\/v2\/pages\/50"}],"wp:attachment":[{"href":"https:\/\/firma-markus-schwarz.de\/index.php?rest_route=%2Fwp%2Fv2%2Fmedia&parent=52"}],"curies":[{"name":"wp","href":"https:\/\/api.w.org\/{rel}","templated":true}]}}