{"id":481,"date":"2020-05-08T12:29:53","date_gmt":"2020-05-08T10:29:53","guid":{"rendered":"https:\/\/firma-markus-schwarz.de\/?page_id=481"},"modified":"2020-05-08T15:18:31","modified_gmt":"2020-05-08T13:18:31","slug":"agb","status":"publish","type":"page","link":"https:\/\/firma-markus-schwarz.de\/?page_id=481","title":{"rendered":"Allgemeine Gesch\u00e4ftsbedingungen"},"content":{"rendered":"\n<p><strong>Allgemeine Verkaufsbedingungen<\/strong><\/p>\n\n\n\n<p><strong>\u00a7&nbsp;1 Geltungsbereich, Form<\/strong><\/p>\n\n\n\n<ul class=\"wp-block-list\"><li>Die vorliegenden Allgemeinen Verkaufsbedingungen (AVB) gelten f\u00fcr alle unsere Gesch\u00e4ftsbeziehungen mit unseren Kunden (\u201eK\u00e4ufer\u201c). Die AVB gelten nur, wenn der K\u00e4ufer Unternehmer (\u00a7&nbsp;14 BGB), eine juristische Person des \u00f6ffentlichen Rechts oder ein \u00f6ffentlich-rechtliches Sonderverm\u00f6gen ist.<\/li><li>Die AVB gelten insbesondere f\u00fcr Vertr\u00e4ge \u00fcber den Verkauf und\/oder die Lieferung beweglicher Sachen (\u201eWare\u201c), ohne R\u00fccksicht darauf, ob wir die Ware selbst herstellen oder bei Zulieferern einkaufen (\u00a7\u00a7&nbsp;433, 650 BGB). Sofern nichts Anderes vereinbart, gelten die AVB in der zum Zeitpunkt der Bestellung des K\u00e4ufers g\u00fcltigen bzw. jedenfalls in der ihm zuletzt in Textform mitgeteilten Fassung als Rahmenvereinbarung auch f\u00fcr gleichartige k\u00fcnftige Vertr\u00e4ge, ohne dass wir in jedem Einzelfall wieder auf sie hinweisen m\u00fcssten.<\/li><li>Unsere AVB gelten ausschlie\u00dflich. Abweichende, entgegenstehende oder erg\u00e4nzende Allgemeine Gesch\u00e4ftsbedingungen des K\u00e4ufers werden nur dann und insoweit Vertragsbestandteil, als wir ihrer Geltung ausdr\u00fccklich zugestimmt haben. Dieses Zustimmungserfordernis gilt in jedem Fall, beispielsweise auch dann, wenn wir in Kenntnis der AGB des K\u00e4ufers die Lieferung an ihn vorbehaltlos ausf\u00fchren.<\/li><li>Im Einzelfall getroffene, individuelle Vereinbarungen mit dem K\u00e4ufer (einschlie\u00dflich Nebenabreden, Erg\u00e4nzungen und \u00c4nderungen) haben in jedem Fall Vorrang vor diesen AVB. F\u00fcr den Inhalt derartiger Vereinbarungen ist, vorbehaltlich des Gegenbeweises, ein schriftlicher Vertrag bzw. unsere schriftliche Best\u00e4tigung ma\u00dfgebend.<\/li><li>Rechtserhebliche Erkl\u00e4rungen und Anzeigen des K\u00e4ufers in Bezug auf den Vertrag (z.B. Fristsetzung, M\u00e4ngelanzeige, R\u00fccktritt oder Minderung), sind schriftlich, d.h. in Schrift- oder Textform (z.B. Brief, E-Mail, Telefax) abzugeben<strong>.&nbsp;<\/strong>Gesetzliche Formvorschriften und weitere Nachweise insbesondere bei Zweifeln \u00fcber die Legitimation des Erkl\u00e4renden bleiben unber\u00fchrt.<\/li><li>Hinweise auf die Geltung gesetzlicher Vorschriften haben nur klarstellende Bedeutung. Auch ohne eine derartige Klarstellung gelten daher die gesetzlichen Vorschriften, soweit sie in diesen AVB nicht unmittelbar abge\u00e4ndert oder ausdr\u00fccklich ausgeschlossen werden.<\/li><\/ul>\n\n\n\n<p><strong>\u00a7&nbsp;2 Vertragsschluss<\/strong><\/p>\n\n\n\n<ul class=\"wp-block-list\"><li>Unsere Angebote sind freibleibend und unverbindlich. Dies gilt auch, wenn wir dem K\u00e4ufer Kataloge, technische Dokumentationen (z.B. Zeichnungen, Pl\u00e4ne, Berechnungen, Kalkulationen, Verweisungen auf DIN-Normen), sonstige Produktbeschreibungen oder Unterlagen \u2013 auch in elektronischer Form \u2013 \u00fcberlassen haben, an denen wir uns Eigentums- und Urheberrechte vorbehalten.<\/li><li>Die Bestellung der Ware durch den K\u00e4ufer gilt als verbindliches Vertragsangebot. Sofern sich aus der Bestellung nichts Anderes ergibt, sind wir berechtigt, dieses Vertragsangebot innerhalb von 8 Tagen nach seinem Zugang bei uns anzunehmen.<\/li><li>Die Annahme kann entweder schriftlich (z.B. durch Auftragsbest\u00e4tigung) oder durch Auslieferung der Ware an den K\u00e4ufer erkl\u00e4rt werden.<\/li><\/ul>\n\n\n\n<p><strong>\u00a7&nbsp;3 Lieferfrist und Lieferverzug<\/strong><\/p>\n\n\n\n<ul class=\"wp-block-list\"><li>Die Lieferfrist wird individuell vereinbart bzw. von uns bei Annahme der Bestellung angegeben. Sofern dies nicht der Fall ist, betr\u00e4gt die Lieferfrist ca. 4 Wochen ab Vertragsschluss.<\/li><li>Sofern wir verbindliche Lieferfristen aus Gr\u00fcnden, die wir nicht zu vertreten haben, nicht einhalten k\u00f6nnen (Nichtverf\u00fcgbarkeit der Leistung), werden wir den K\u00e4ufer hier\u00fcber unverz\u00fcglich informieren und gleichzeitig die voraussichtliche, neue Lieferfrist mitteilen. Ist die Leistung auch innerhalb der neuen Lieferfrist nicht verf\u00fcgbar, sind wir berechtigt, ganz oder teilweise vom Vertrag zur\u00fcckzutreten; eine bereits erbrachte Gegenleistung des K\u00e4ufers werden wir unverz\u00fcglich erstatten. Als Fall der Nichtverf\u00fcgbarkeit der Leistung in diesem Sinne gilt insbesondere die nicht rechtzeitige Selbstbelieferung durch unseren Zulieferer, wenn wir ein kongruentes Deckungsgesch\u00e4ft abgeschlossen haben, weder uns noch unseren Zulieferer ein Verschulden trifft oder wir im Einzelfall zur Beschaffung nicht verpflichtet sind.<\/li><li>Der Eintritt unseres Lieferverzugs bestimmt sich nach den gesetzlichen Vorschriften. In jedem Fall ist aber eine Mahnung durch den K\u00e4ufer erforderlich. Geraten wir in Lieferverzug, so kann der K\u00e4ufer pauschalierten Ersatz seines Verzugsschadens verlangen. Die Schadenspauschale betr\u00e4gt f\u00fcr jede vollendete Kalenderwoche des Verzugs 0,5% des Nettopreises (Lieferwert), insgesamt jedoch h\u00f6chstens 5% des Lieferwerts der versp\u00e4tet gelieferten Ware. Uns bleibt der Nachweis vorbehalten, dass dem K\u00e4ufer gar kein Schaden oder nur ein wesentlich geringerer Schaden als vorstehende Pauschale entstanden ist.<\/li><li>Die Rechte des K\u00e4ufers gem. \u00a7&nbsp;8 dieser AVB und unsere gesetzlichen Rechte, insbesondere bei einem Ausschluss der Leistungspflicht (z.B. aufgrund Unm\u00f6glichkeit oder Unzumutbarkeit der Leistung und\/oder Nacherf\u00fcllung), bleiben unber\u00fchrt.<\/li><\/ul>\n\n\n\n<p><strong>\u00a7&nbsp;4 Lieferung, Gefahr\u00fcbergang, Abnahme, Annahmeverzug<\/strong><\/p>\n\n\n\n<ul class=\"wp-block-list\"><li>Die Lieferung erfolgt ab Lager, wo auch der Erf\u00fcllungsort f\u00fcr die Lieferung und eine etwaige Nacherf\u00fcllung ist. Auf Verlangen und Kosten des K\u00e4ufers wird die Ware an einen anderen Bestimmungsort versandt (Versendungskauf). Soweit nicht etwas Anderes vereinbart ist, sind wir berechtigt, die Art der Versendung (insbesondere Transportunternehmen, Versandweg, Verpackung) selbst zu bestimmen.<\/li><li>Die Gefahr des zuf\u00e4lligen Untergangs und der zuf\u00e4lligen Verschlechterung der Ware geht sp\u00e4testens mit der \u00dcbergabe auf den K\u00e4ufer \u00fcber. Beim Versendungskauf geht jedoch die Gefahr des zuf\u00e4lligen Untergangs und der zuf\u00e4lligen Verschlechterung der Ware sowie die Verz\u00f6gerungsgefahr bereits mit Auslieferung der Ware an den Spediteur, den Frachtf\u00fchrer oder der sonst zur Ausf\u00fchrung der Versendung bestimmten Person oder Anstalt \u00fcber. Soweit eine Abnahme vereinbart ist, ist diese f\u00fcr den Gefahr\u00fcbergang ma\u00dfgebend. Auch im \u00dcbrigen gelten f\u00fcr eine vereinbarte Abnahme die gesetzlichen Vorschriften des Werkvertragsrechts entsprechend. Der \u00dcbergabe bzw. Abnahme steht es gleich, wenn der K\u00e4ufer im Verzug der Annahme ist.<\/li><li>Kommt der K\u00e4ufer in Annahmeverzug, unterl\u00e4sst er eine Mitwirkungshandlung oder verz\u00f6gert sich unsere Lieferung aus anderen, vom K\u00e4ufer zu vertretenden Gr\u00fcnden, so sind wir berechtigt, Ersatz des hieraus entstehenden Schadens einschlie\u00dflich Mehraufwendungen (z.B. Lagerkosten) zu verlangen. Hierf\u00fcr berechnen wir eine pauschale Entsch\u00e4digung iHv 25,- EUR pro Kalendertag, beginnend mit der Lieferfrist bzw. \u2013 mangels einer Lieferfrist \u2013 mit der Mitteilung der Versandbereitschaft der Ware.<\/li><li>Der Nachweis eines h\u00f6heren Schadens und unsere gesetzlichen Anspr\u00fcche (insbesondere Ersatz von Mehraufwendungen, angemessene Entsch\u00e4digung, K\u00fcndigung) bleiben unber\u00fchrt; die Pauschale ist aber auf weitergehende Geldanspr\u00fcche anzurechnen. Dem K\u00e4ufer bleibt der Nachweis gestattet, dass uns \u00fcberhaupt kein oder nur ein wesentlich geringerer Schaden als vorstehende Pauschale entstanden ist.<\/li><\/ul>\n\n\n\n<p><strong>\u00a7&nbsp;5 Preise und Zahlungsbedingungen<\/strong><\/p>\n\n\n\n<ul class=\"wp-block-list\"><li>Sofern im Einzelfall nichts Anderes vereinbart ist, gelten unsere jeweils zum Zeitpunkt des Vertragsschlusses aktuellen Preise, und zwar ab Lager, zzgl. gesetzlicher Umsatzsteuer.<\/li><li>Beim Versendungskauf (\u00a7&nbsp;4 Abs.&nbsp;1) tr\u00e4gt der K\u00e4ufer die Transportkosten ab Lager und die Kosten einer ggf. vom K\u00e4ufer gew\u00fcnschten Transportversicherung. Sofern wir nicht die im Einzelfall tats\u00e4chlich entstandenen Transportkosten in Rechnung stellen, gilt eine Transportkostenpauschale (ausschlie\u00dflich Transportversicherung) i.H.v. 10,- EUR als vereinbart. Etwaige Z\u00f6lle, Geb\u00fchren, Steuern und sonstige \u00f6ffentliche Abgaben tr\u00e4gt der K\u00e4ufer.<\/li><li>Der Kaufpreis ist f\u00e4llig und zu zahlen innerhalb von 14&nbsp;Tagen ab Rechnungsstellung und Lieferung bzw. Abnahme der Ware. Wir sind jedoch, auch im Rahmen einer laufenden Gesch\u00e4ftsbeziehung, jederzeit berechtigt, eine Lieferung ganz oder teilweise nur gegen Vorkasse durchzuf\u00fchren. Einen entsprechenden Vorbehalt erkl\u00e4ren wir sp\u00e4testens mit der Auftragsbest\u00e4tigung.<\/li><li>Mit Ablauf vorstehender Zahlungsfrist kommt der K\u00e4ufer in Verzug. Der Kaufpreis ist w\u00e4hrend des Verzugs zum jeweils geltenden gesetzlichen Verzugszinssatz zu verzinsen. Wir behalten uns die Geltendmachung eines weitergehenden Verzugsschadens vor. Gegen\u00fcber Kaufleuten bleibt unser Anspruch auf den kaufm\u00e4nnischen F\u00e4lligkeitszins (\u00a7&nbsp;353 HGB) unber\u00fchrt.<\/li><li>Dem K\u00e4ufer stehen Aufrechnungs- oder Zur\u00fcckbehaltungsrechte nur insoweit zu, als sein Anspruch rechtskr\u00e4ftig festgestellt oder unbestritten ist. Bei M\u00e4ngeln der Lieferung bleiben die Gegenrechte des K\u00e4ufers insbesondere gem. \u00a7&nbsp;7 Abs.&nbsp;6 Satz&nbsp;2 dieser AVB unber\u00fchrt.<\/li><li>Wird nach Abschluss des Vertrags erkennbar (z.B. durch Antrag auf Er\u00f6ffnung eines Insolvenzverfahrens), dass unser Anspruch auf den Kaufpreis durch mangelnde Leistungsf\u00e4higkeit des K\u00e4ufers gef\u00e4hrdet wird, so sind wir nach den gesetzlichen Vorschriften zur Leistungsverweigerung und \u2013 gegebenenfalls nach Fristsetzung \u2013 zum R\u00fccktritt vom Vertrag berechtigt (\u00a7&nbsp;321 BGB). Bei Vertr\u00e4gen \u00fcber die Herstellung unvertretbarer Sachen (Einzelanfertigungen) k\u00f6nnen wir den R\u00fccktritt sofort erkl\u00e4ren; die gesetzlichen Regelungen \u00fcber die Entbehrlichkeit der Fristsetzung bleiben unber\u00fchrt.<\/li><\/ul>\n\n\n\n<p><strong>\u00a7&nbsp;6 Eigentumsvorbehalt<\/strong><\/p>\n\n\n\n<ul class=\"wp-block-list\"><li>Bis zur vollst\u00e4ndigen Bezahlung aller unserer gegenw\u00e4rtigen und k\u00fcnftigen Forderungen aus dem Kaufvertrag und einer laufenden Gesch\u00e4ftsbeziehung (gesicherte Forderungen) behalten wir uns das Eigentum an den verkauften Waren vor.<\/li><li>Die unter Eigentumsvorbehalt stehenden Waren d\u00fcrfen vor vollst\u00e4ndiger Bezahlung der gesicherten Forderungen weder an Dritte verpf\u00e4ndet, noch zur Sicherheit \u00fcbereignet werden. Der K\u00e4ufer hat uns unverz\u00fcglich schriftlich zu benachrichtigen, wenn ein Antrag auf Er\u00f6ffnung eines Insolvenzverfahrens gestellt oder soweit Zugriffe Dritter (z.B. Pf\u00e4ndungen) auf die uns geh\u00f6renden Waren erfolgen.<\/li><li>Bei vertragswidrigem Verhalten des K\u00e4ufers, insbesondere bei Nichtzahlung des f\u00e4lligen Kaufpreises, sind wir berechtigt, nach den gesetzlichen Vorschriften vom Vertrag zur\u00fcckzutreten oder\/und die Ware auf Grund des Eigentumsvorbehalts heraus zu verlangen. Das Herausgabeverlangen beinhaltet nicht zugleich die Erkl\u00e4rung des R\u00fccktritts; wir sind vielmehr berechtigt, lediglich die Ware heraus zu verlangen und uns den R\u00fccktritt vorzubehalten. Zahlt der K\u00e4ufer den f\u00e4lligen Kaufpreis nicht, d\u00fcrfen wir diese Rechte nur geltend machen, wenn wir dem K\u00e4ufer zuvor erfolglos eine angemessene Frist zur Zahlung gesetzt haben oder eine derartige Fristsetzung nach den gesetzlichen Vorschriften entbehrlich ist.<\/li><li>Der K\u00e4ufer ist bis auf Widerruf gem\u00e4\u00df unten (c) befugt, die unter Eigentumsvorbehalt stehenden Waren im ordnungsgem\u00e4\u00dfen Gesch\u00e4ftsgang weiter zu ver\u00e4u\u00dfern und\/oder zu verarbeiten. In diesem Fall gelten erg\u00e4nzend die nachfolgenden Bestimmungen.<ul><li>Der Eigentumsvorbehalt erstreckt sich auf die durch Verarbeitung, Vermischung oder Verbindung unserer Waren entstehenden Erzeugnisse zu deren vollem Wert, wobei wir als Hersteller gelten. Bleibt bei einer Verarbeitung, Vermischung oder Verbindung mit Waren Dritter deren Eigentumsrecht bestehen, so erwerben wir Miteigentum im Verh\u00e4ltnis der Rechnungswerte der verarbeiteten, vermischten oder verbundenen Waren. Im \u00dcbrigen gilt f\u00fcr das entstehende Erzeugnis das Gleiche wie f\u00fcr die unter Eigentumsvorbehalt gelieferte Ware.<\/li><li>Die aus dem Weiterverkauf der Ware oder des Erzeugnisses entstehenden Forderungen gegen Dritte tritt der K\u00e4ufer schon jetzt insgesamt bzw. in H\u00f6he unseres etwaigen Miteigentumsanteils gem\u00e4\u00df vorstehendem Absatz zur Sicherheit an uns ab. Wir nehmen die Abtretung an. Die in Abs.&nbsp;2 genannten Pflichten des K\u00e4ufers gelten auch in Ansehung der abgetretenen Forderungen.<\/li><li>Zur Einziehung der Forderung bleibt der K\u00e4ufer neben uns erm\u00e4chtigt. Wir verpflichten uns, die Forderung nicht einzuziehen, solange der K\u00e4ufer seinen Zahlungsverpflichtungen uns gegen\u00fcber nachkommt, kein Mangel seiner Leistungsf\u00e4higkeit vorliegt und wir den Eigentumsvorbehalt nicht durch Aus\u00fcbung eines Rechts gem. Abs.&nbsp;3 geltend machen. Ist dies aber der Fall, so k\u00f6nnen wir verlangen, dass der K\u00e4ufer uns die abgetretenen Forderungen und deren Schuldner bekannt gibt, alle zum Einzug erforderlichen Angaben macht, die dazugeh\u00f6rigen Unterlagen aush\u00e4ndigt und den Schuldnern (Dritten) die Abtretung mitteilt. Au\u00dferdem sind wir in diesem Fall berechtigt, die Befugnis des K\u00e4ufers zur weiteren Ver\u00e4u\u00dferung und Verarbeitung der unter Eigentumsvorbehalt stehenden Waren zu widerrufen.<\/li><li>\u00dcbersteigt der realisierbare Wert der Sicherheiten unsere Forderungen um mehr als 10%, werden wir auf Verlangen des K\u00e4ufers Sicherheiten nach unserer Wahl freigeben.<\/li><\/ul><\/li><\/ul>\n\n\n\n<p><strong>\u00a7&nbsp;7 M\u00e4ngelanspr\u00fcche des K\u00e4ufers<\/strong><\/p>\n\n\n\n<ul class=\"wp-block-list\"><li>F\u00fcr die Rechte des K\u00e4ufers bei Sach- und Rechtsm\u00e4ngeln (einschlie\u00dflich Falsch- und Minderlieferung sowie unsachgem\u00e4\u00dfer Montage oder mangelhafter Montageanleitung) gelten die gesetzlichen Vorschriften, soweit nachfolgend nichts Anderes bestimmt ist. In allen F\u00e4llen unber\u00fchrt bleiben die gesetzlichen Sondervorschriften bei Endlieferung der unverarbeiteten Ware an einen Verbraucher, auch wenn dieser sie weiterverarbeitet hat (Lieferantenregress gem. \u00a7\u00a7&nbsp;478 BGB). Anspr\u00fcche aus Lieferantenregress sind ausgeschlossen, wenn die mangelhafte Ware durch den K\u00e4ufer oder einen anderen Unternehmer, z.B. durch Einbau in ein anderes Produkt, weiterverarbeitet wurde.<\/li><li>Grundlage unserer M\u00e4ngelhaftung ist vor allem die \u00fcber die Beschaffenheit der Ware getroffene Vereinbarung. Als Vereinbarung \u00fcber die Beschaffenheit der Ware gelten alle Produktbeschreibungen und Herstellerangaben, die Gegenstand des einzelnen Vertrages sind oder von uns (insbesondere in Katalogen oder auf unserer Internet-Homepage) zum Zeitpunkt des Vertragsschlusses \u00f6ffentlich bekannt gemacht waren.<\/li><li>Soweit die Beschaffenheit nicht vereinbart wurde, ist nach der gesetzlichen Regelung zu beurteilen, ob ein Mangel vorliegt oder nicht (\u00a7&nbsp;434 Abs.&nbsp;1&nbsp;S.&nbsp;2 und 3 BGB). F\u00fcr \u00f6ffentliche \u00c4u\u00dferungen des Herstellers oder sonstiger Dritter (z.B. Werbeaussagen), auf die uns der K\u00e4ufer nicht als f\u00fcr ihn kaufentscheidend hingewiesen hat,&nbsp;\u00fcbernehmen wir jedoch keine Haftung.<\/li><li>Die M\u00e4ngelanspr\u00fcche des K\u00e4ufers setzen voraus, dass er seinen gesetzlichen Untersuchungs- und R\u00fcgepflichten (\u00a7\u00a7&nbsp;377, 381 HGB) nachgekommen ist. Bei Baustoffen und anderen, zum Einbau oder sonstigen Weiterverarbeitung bestimmten Waren hat eine Untersuchung in jedem Fall unmittelbar vor der Verarbeitung zu erfolgen. Zeigt sich bei der Lieferung, der Untersuchung oder zu irgendeinem sp\u00e4teren Zeitpunkt ein Mangel, so ist uns hiervon unverz\u00fcglich schriftlich Anzeige zu machen. In jedem Fall sind offensichtliche M\u00e4ngel innerhalb von 8 Arbeitstagen ab Lieferung und bei der Untersuchung nicht erkennbare M\u00e4ngel innerhalb der gleichen Frist ab Entdeckung schriftlich anzuzeigen. Vers\u00e4umt der K\u00e4ufer die ordnungsgem\u00e4\u00dfe Untersuchung und\/oder M\u00e4ngelanzeige, ist unsere Haftung f\u00fcr den nicht bzw. nicht rechtzeitig oder nicht ordnungsgem\u00e4\u00df angezeigten Mangel nach den gesetzlichen Vorschriften ausgeschlossen.<\/li><li>Ist die gelieferte Sache mangelhaft, k\u00f6nnen wir zun\u00e4chst w\u00e4hlen, ob wir Nacherf\u00fcllung durch Beseitigung des Mangels (Nachbesserung) oder durch Lieferung einer mangelfreien Sache (Ersatzlieferung) leisten. Unser Recht, die Nacherf\u00fcllung unter den gesetzlichen Voraussetzungen zu verweigern, bleibt unber\u00fchrt.<\/li><li>Wir sind berechtigt, die geschuldete Nacherf\u00fcllung davon abh\u00e4ngig zu machen, dass der K\u00e4ufer den f\u00e4lligen Kaufpreis bezahlt. Der K\u00e4ufer ist jedoch berechtigt, einen im Verh\u00e4ltnis zum Mangel angemessenen Teil des Kaufpreises zur\u00fcckzubehalten.<\/li><li>Der K\u00e4ufer hat uns die zur geschuldeten Nacherf\u00fcllung erforderliche Zeit und Gelegenheit zu geben, insbesondere die beanstandete Ware zu Pr\u00fcfungszwecken zu \u00fcbergeben. Im Falle der Ersatzlieferung hat uns der K\u00e4ufer die mangelhafte Sache nach den gesetzlichen Vorschriften zur\u00fcckzugeben. Die Nacherf\u00fcllung beinhaltet weder den Ausbau der mangelhaften Sache noch den erneuten Einbau, wenn wir urspr\u00fcnglich nicht zum Einbau verpflichtet waren.<\/li><li>Die zum Zweck der Pr\u00fcfung und Nacherf\u00fcllung erforderlichen Aufwendungen, insbesondere Transport-, Wege-, Arbeits- und Materialkosten sowie&nbsp;ggf. Ausbau- und Einbaukosten tragen bzw. erstatten wir nach Ma\u00dfgabe der gesetzlichen Regelung, wenn tats\u00e4chlich ein Mangel vorliegt. Andernfalls k\u00f6nnen wir vom K\u00e4ufer die aus dem unberechtigten Mangelbeseitigungsverlangen entstandenen Kosten (insbesondere Pr\u00fcf- und Transportkosten) ersetzt verlangen, es sei denn, die fehlende Mangelhaftigkeit war f\u00fcr den K\u00e4ufer nicht erkennbar.<\/li><li>In dringenden F\u00e4llen, z.B. bei Gef\u00e4hrdung der Betriebssicherheit oder zur Abwehr unverh\u00e4ltnism\u00e4\u00dfiger Sch\u00e4den, hat der K\u00e4ufer das Recht, den Mangel selbst zu beseitigen und von uns Ersatz der hierzu objektiv erforderlichen Aufwendungen zu verlangen. Von einer derartigen Selbstvornahme sind wir unverz\u00fcglich, nach M\u00f6glichkeit vorher, zu benachrichtigen. Das Selbstvornahmerecht besteht nicht, wenn wir berechtigt w\u00e4ren, eine entsprechende Nacherf\u00fcllung nach den gesetzlichen Vorschriften zu verweigern.<\/li><li>Wenn die Nacherf\u00fcllung fehlgeschlagen ist oder eine f\u00fcr die Nacherf\u00fcllung vom K\u00e4ufer zu setzende angemessene Frist erfolglos abgelaufen oder nach den gesetzlichen Vorschriften entbehrlich ist, kann der K\u00e4ufer vom Kaufvertrag zur\u00fccktreten oder den Kaufpreis mindern. Bei einem unerheblichen Mangel besteht jedoch kein R\u00fccktrittsrecht.<\/li><li>Anspr\u00fcche des K\u00e4ufers auf Schadensersatz bzw. Ersatz vergeblicher Aufwendungen bestehen auch bei M\u00e4ngeln nur nach Ma\u00dfgabe von \u00a7&nbsp;8 und sind im \u00dcbrigen ausgeschlossen.<\/li><\/ul>\n\n\n\n<p><strong>\u00a7&nbsp;8 Sonstige Haftung<\/strong><\/p>\n\n\n\n<ul class=\"wp-block-list\"><li>Soweit sich aus diesen AVB einschlie\u00dflich der nachfolgenden Bestimmungen nichts Anderes ergibt, haften wir bei einer Verletzung von vertraglichen und au\u00dfervertraglichen Pflichten nach den gesetzlichen Vorschriften.<\/li><li>Auf Schadensersatz haften wir \u2013 gleich aus welchem Rechtsgrund \u2013 im Rahmen der Verschuldenshaftung bei Vorsatz und grober Fahrl\u00e4ssigkeit. Bei einfacher Fahrl\u00e4ssigkeit haften wir, vorbehaltlich gesetzlicher Haftungsbeschr\u00e4nkungen&nbsp;(z.B.&nbsp;Sorgfalt in eigenen Angelegenheiten; unerhebliche Pflichtverletzung), nur<ul><li>f\u00fcr Sch\u00e4den aus der Verletzung des Lebens, des K\u00f6rpers oder der Gesundheit,<\/li><li>f\u00fcr Sch\u00e4den aus der Verletzung einer wesentlichen Vertragspflicht (Verpflichtung, deren Erf\u00fcllung die ordnungsgem\u00e4\u00dfe Durchf\u00fchrung des Vertrags \u00fcberhaupt erst erm\u00f6glicht und auf deren Einhaltung der Vertragspartner regelm\u00e4\u00dfig vertraut und vertrauen darf); in diesem Fall ist unsere Haftung jedoch auf den Ersatz des vorhersehbaren, typischerweise eintretenden Schadens begrenzt.<\/li><\/ul><\/li><li>Die sich aus Abs.&nbsp;2 ergebenden Haftungsbeschr\u00e4nkungen gelten auch bei Pflichtverletzungen durch bzw. zugunsten von Personen, deren Verschulden wir nach gesetzlichen Vorschriften zu vertreten haben. Sie gelten nicht, soweit wir einen Mangel arglistig verschwiegen oder eine Garantie f\u00fcr die Beschaffenheit der Ware \u00fcbernommen haben und f\u00fcr Anspr\u00fcche des K\u00e4ufers nach dem Produkthaftungsgesetz.<\/li><li>Wegen einer Pflichtverletzung, die nicht in einem Mangel besteht, kann der K\u00e4ufer nur zur\u00fccktreten oder k\u00fcndigen, wenn wir die Pflichtverletzung zu vertreten haben. Ein freies K\u00fcndigungsrecht des K\u00e4ufers (insbesondere gem. \u00a7\u00a7&nbsp;650, 648 BGB) wird ausgeschlossen. Im \u00dcbrigen gelten die gesetzlichen Voraussetzungen und Rechtsfolgen.<\/li><\/ul>\n\n\n\n<p><strong>\u00a7&nbsp;9 Verj\u00e4hrung<\/strong><\/p>\n\n\n\n<ul class=\"wp-block-list\"><li>Abweichend von \u00a7&nbsp;438 Abs.&nbsp;1 Nr.&nbsp;3 BGB betr\u00e4gt die allgemeine Verj\u00e4hrungsfrist f\u00fcr Anspr\u00fcche aus Sach- und Rechtsm\u00e4ngeln ein Jahr ab Ablieferung. Soweit eine Abnahme vereinbart ist, beginnt die Verj\u00e4hrung mit der Abnahme.<\/li><li>Handelt es sich bei der Ware jedoch um ein Bauwerk oder eine Sache, die entsprechend ihrer \u00fcblichen Verwendungsweise f\u00fcr ein Bauwerk verwendet worden ist und dessen Mangelhaftigkeit verursacht hat (Baustoff), betr\u00e4gt die Verj\u00e4hrungsfrist gem\u00e4\u00df der gesetzlichen Regelung 5&nbsp;Jahre ab Ablieferung (\u00a7&nbsp;438 Abs.&nbsp;1 Nr.&nbsp;2 BGB). Unber\u00fchrt bleiben auch weitere gesetzliche Sonderregelungen zur Verj\u00e4hrung (insbes. \u00a7&nbsp;438 Abs.&nbsp;1 Nr.&nbsp;1, Abs.&nbsp;3, \u00a7\u00a7&nbsp;444, 445b BGB).<\/li><li>Die vorstehenden Verj\u00e4hrungsfristen des Kaufrechts gelten auch f\u00fcr vertragliche und au\u00dfervertragliche Schadensersatzanspr\u00fcche des K\u00e4ufers, die auf einem Mangel der Ware beruhen, es sei denn die Anwendung der regelm\u00e4\u00dfigen gesetzlichen Verj\u00e4hrung (\u00a7\u00a7&nbsp;195, 199 BGB) w\u00fcrde im Einzelfall zu einer k\u00fcrzeren Verj\u00e4hrung f\u00fchren. Schadensersatzanspr\u00fcche des K\u00e4ufers gem. \u00a7&nbsp;8 Abs.&nbsp;2 Satz&nbsp;1 und Satz&nbsp;2(a) sowie nach dem Produkthaftungsgesetz verj\u00e4hren jedoch ausschlie\u00dflich nach den gesetzlichen Verj\u00e4hrungsfristen.<\/li><\/ul>\n\n\n\n<p><strong>\u00a7&nbsp;10 Rechtswahl und Gerichtsstand<\/strong><\/p>\n\n\n\n<ul class=\"wp-block-list\"><li>F\u00fcr diese AVB und die Vertragsbeziehung zwischen uns und dem K\u00e4ufer gilt das Recht der Bundesrepublik Deutschland unter Ausschluss internationalen Einheitsrechts, insbesondere des UN-Kaufrechts.<\/li><li>Ist der K\u00e4ufer Kaufmann i.S.d. Handelsgesetzbuchs, juristische Person des \u00f6ffentlichen Rechts oder ein \u00f6ffentlich-rechtliches Sonderverm\u00f6gen, ist ausschlie\u00dflicher \u2013 auch internationaler Gerichtsstand f\u00fcr alle sich aus dem Vertragsverh\u00e4ltnis unmittelbar oder mittelbar ergebenden Streitigkeiten unser Gesch\u00e4ftssitz in&nbsp;. Entsprechendes gilt, wenn der K\u00e4ufer Unternehmer i.S.v. \u00a7&nbsp;14 BGB ist. Wir sind jedoch in allen F\u00e4llen auch berechtigt, Klage am Erf\u00fcllungsort der Lieferverpflichtung gem\u00e4\u00df diesen AVB bzw. einer vorrangigen Individualabrede oder am allgemeinen Gerichtsstand des K\u00e4ufers zu erheben. Vorrangige gesetzliche Vorschriften, insbesondere zu ausschlie\u00dflichen Zust\u00e4ndigkeiten, bleiben unber\u00fchrt.<\/li><\/ul>\n","protected":false},"excerpt":{"rendered":"<p>Allgemeine Verkaufsbedingungen \u00a7&nbsp;1 Geltungsbereich, Form Die vorliegenden Allgemeinen Verkaufsbedingungen (AVB) gelten f\u00fcr alle unsere Gesch\u00e4ftsbeziehungen mit unseren Kunden (\u201eK\u00e4ufer\u201c). Die AVB gelten nur, wenn der K\u00e4ufer Unternehmer (\u00a7&nbsp;14 BGB), eine juristische Person des \u00f6ffentlichen Rechts oder ein \u00f6ffentlich-rechtliches Sonderverm\u00f6gen ist. [&hellip;]<\/p>\n","protected":false},"author":1,"featured_media":0,"parent":0,"menu_order":0,"comment_status":"closed","ping_status":"closed","template":"","meta":{"footnotes":""},"class_list":["post-481","page","type-page","status-publish","hentry"],"_links":{"self":[{"href":"https:\/\/firma-markus-schwarz.de\/index.php?rest_route=\/wp\/v2\/pages\/481","targetHints":{"allow":["GET"]}}],"collection":[{"href":"https:\/\/firma-markus-schwarz.de\/index.php?rest_route=\/wp\/v2\/pages"}],"about":[{"href":"https:\/\/firma-markus-schwarz.de\/index.php?rest_route=\/wp\/v2\/types\/page"}],"author":[{"embeddable":true,"href":"https:\/\/firma-markus-schwarz.de\/index.php?rest_route=\/wp\/v2\/users\/1"}],"replies":[{"embeddable":true,"href":"https:\/\/firma-markus-schwarz.de\/index.php?rest_route=%2Fwp%2Fv2%2Fcomments&post=481"}],"version-history":[{"count":2,"href":"https:\/\/firma-markus-schwarz.de\/index.php?rest_route=\/wp\/v2\/pages\/481\/revisions"}],"predecessor-version":[{"id":485,"href":"https:\/\/firma-markus-schwarz.de\/index.php?rest_route=\/wp\/v2\/pages\/481\/revisions\/485"}],"wp:attachment":[{"href":"https:\/\/firma-markus-schwarz.de\/index.php?rest_route=%2Fwp%2Fv2%2Fmedia&parent=481"}],"curies":[{"name":"wp","href":"https:\/\/api.w.org\/{rel}","templated":true}]}}